{"id":1121,"date":"2018-06-08T17:08:59","date_gmt":"2018-06-08T16:08:59","guid":{"rendered":"https:\/\/gt6nnbprin.preview.infomaniak.website\/?page_id=1121"},"modified":"2022-05-13T15:49:48","modified_gmt":"2022-05-13T14:49:48","slug":"airfield-camp-2018","status":"publish","type":"page","link":"http:\/\/www.aeroclub-lessay.fr\/?page_id=1121","title":{"rendered":"Normandy Airfield Camp, 2019, 2018, 2017."},"content":{"rendered":"<table class=\"aligncenter\" style=\"width: 100%; border-collapse: collapse; background-color: #0ef065;\" border=\"1\">\n<tbody>\n<tr>\n<td style=\"width: 50%; text-align: center; vertical-align: middle; border-style: solid; border-color: #787575;\"><a href=\"https:\/\/gt6nnbprin.preview.infomaniak.website\/?rl_gallery=normandy-airfield-camp-du-6-au-9-juin-2019\" target=\"_blank\" rel=\"noopener noreferrer\"><span style=\"color: #000000; font-size: 12pt; font-family: arial, helvetica, sans-serif;\"><strong>NORMANDY AIRFIELD CAMP, juin 2019 (Comm\u00e9moration du 75\u00e8me anniversaire du d\u00e9barquement) Avions d&rsquo;\u00e9poque, parachutage et patrouille de France.<\/strong><\/span><\/a><\/td>\n<td style=\"width: 25%; text-align: center; vertical-align: middle; border-style: solid; border-color: #787575;\"><a href=\"https:\/\/gt6nnbprin.preview.infomaniak.website\/?rl_gallery=normandy-airfield-camp-du-6-au-9-juin-2019\" target=\"_blank\" rel=\"noopener noreferrer\"><img loading=\"lazy\" decoding=\"async\" class=\"wp-image-1838 alignnone\" src=\"https:\/\/gt6nnbprin.preview.infomaniak.website\/wp-content\/uploads\/2019\/06\/LESSAY-AIRFIELD-CAMP-6-2019-B-67-Copy-300x225.jpg\" alt=\"\" width=\"157\" height=\"120\"><\/a><\/td>\n<td style=\"width: 25%; text-align: center; vertical-align: middle; border-style: solid; border-color: #787575;\"><a href=\"https:\/\/gt6nnbprin.preview.infomaniak.website\/?rl_gallery=normandy-airfield-camp-du-6-au-9-juin-2019\" target=\"_blank\" rel=\"noopener noreferrer\"><img loading=\"lazy\" decoding=\"async\" class=\"size-medium wp-image-1893 alignnone\" src=\"https:\/\/gt6nnbprin.preview.infomaniak.website\/wp-content\/uploads\/2019\/06\/PAF-\u00e0-Lessay-300x225.jpg\" alt=\"\" width=\"300\" height=\"225\" srcset=\"http:\/\/www.aeroclub-lessay.fr\/wp-content\/uploads\/2019\/06\/PAF-\u00e0-Lessay-300x225.jpg 300w, http:\/\/www.aeroclub-lessay.fr\/wp-content\/uploads\/2019\/06\/PAF-\u00e0-Lessay-768x576.jpg 768w, http:\/\/www.aeroclub-lessay.fr\/wp-content\/uploads\/2019\/06\/PAF-\u00e0-Lessay-1024x768.jpg 1024w, http:\/\/www.aeroclub-lessay.fr\/wp-content\/uploads\/2019\/06\/PAF-\u00e0-Lessay-400x300.jpg 400w, http:\/\/www.aeroclub-lessay.fr\/wp-content\/uploads\/2019\/06\/PAF-\u00e0-Lessay.jpg 1600w\" sizes=\"auto, (max-width: 300px) 100vw, 300px\" \/><\/a><\/td>\n<\/tr>\n<tr>\n<td style=\"width: 50%; text-align: center; vertical-align: middle; border-style: solid; border-color: #787575;\"><span style=\"color: #000000; font-size: 12pt; font-family: arial, helvetica, sans-serif;\"><strong><span style=\"color: #000000;\"><a style=\"color: #000000;\" href=\"https:\/\/www.youtube.com\/playlist?list=PL7fq5OYzcPPk5J1XtFWvDC6HYK2BsKrxY\" target=\"_blank\" rel=\"noopener noreferrer\">&nbsp;VIDEOS 2019 (Patrouille de France, avions, saut en parachute).<\/a><\/span><br><\/strong><\/span><\/td>\n<td style=\"width: 25%; text-align: center; vertical-align: middle; border-style: solid; border-color: #787575;\"><a href=\"https:\/\/www.youtube.com\/playlist?list=PL7fq5OYzcPPk5J1XtFWvDC6HYK2BsKrxY\" target=\"_blank\" rel=\"noopener noreferrer\"><img loading=\"lazy\" decoding=\"async\" class=\"wp-image-1902 alignnone\" src=\"https:\/\/gt6nnbprin.preview.infomaniak.website\/wp-content\/uploads\/2019\/06\/LESSAY-AIRFIELD-CAMP-6-2019-B-74-Copy-1-300x225.jpg\" alt=\"\" width=\"163\" height=\"126\"><\/a><\/td>\n<td style=\"width: 25%; text-align: center; vertical-align: middle; border-style: solid; border-color: #787575;\"><a href=\"https:\/\/www.youtube.com\/playlist?list=PL7fq5OYzcPPk5J1XtFWvDC6HYK2BsKrxY\" target=\"_blank\" rel=\"noopener noreferrer\"><img loading=\"lazy\" decoding=\"async\" class=\"size-medium wp-image-1893 alignnone\" src=\"https:\/\/gt6nnbprin.preview.infomaniak.website\/wp-content\/uploads\/2019\/06\/PAF-\u00e0-Lessay-300x225.jpg\" alt=\"\" width=\"300\" height=\"225\" srcset=\"http:\/\/www.aeroclub-lessay.fr\/wp-content\/uploads\/2019\/06\/PAF-\u00e0-Lessay-300x225.jpg 300w, http:\/\/www.aeroclub-lessay.fr\/wp-content\/uploads\/2019\/06\/PAF-\u00e0-Lessay-768x576.jpg 768w, http:\/\/www.aeroclub-lessay.fr\/wp-content\/uploads\/2019\/06\/PAF-\u00e0-Lessay-1024x768.jpg 1024w, http:\/\/www.aeroclub-lessay.fr\/wp-content\/uploads\/2019\/06\/PAF-\u00e0-Lessay-400x300.jpg 400w, http:\/\/www.aeroclub-lessay.fr\/wp-content\/uploads\/2019\/06\/PAF-\u00e0-Lessay.jpg 1600w\" sizes=\"auto, (max-width: 300px) 100vw, 300px\" \/><\/a><\/td>\n<\/tr>\n<\/tbody>\n<\/table>\n<table style=\"border-collapse: collapse; width: 100%; height: 26px;\" border=\"1\">\n<tbody>\n<tr style=\"height: 26px;\">\n<td style=\"text-align: left; height: 26px; width: 99.9999%;\" colspan=\"3\">\n<table class=\"aligncenter\" style=\"width: 101.655%; border-collapse: collapse; background-color: #97f1fc; border-color: #000000; height: 275px;\" border=\"1\">\n<tbody>\n<tr style=\"height: 71px;\">\n<td style=\"width: 34.5479%; vertical-align: middle; height: 71px; border-style: solid; border-color: #a3a2a2;\"><a href=\"https:\/\/gt6nnbprin.preview.infomaniak.website\/?post_type=rl_gallery&amp;p=1973&amp;preview=true\" target=\"_blank\" rel=\"noopener noreferrer\">Juin 2018 (PHOTOS)<\/a><\/td>\n<td style=\"width: 17.402%; vertical-align: middle; height: 71px; border-style: solid; border-color: #a3a2a2;\"><a href=\"https:\/\/gt6nnbprin.preview.infomaniak.website\/?post_type=rl_gallery&amp;p=1973&amp;preview=true\" target=\"_blank\" rel=\"noopener noreferrer\"><img loading=\"lazy\" decoding=\"async\" class=\" wp-image-1181 alignnone\" src=\"https:\/\/gt6nnbprin.preview.infomaniak.website\/wp-content\/uploads\/2018\/06\/LESSAY-AIRFIELD-CAMP-6-2018-28-300x225.jpg\" alt=\"\" width=\"145\" height=\"112\"><\/a><\/td>\n<td style=\"width: 16.954%; vertical-align: middle; height: 71px; border-style: solid; border-color: #a3a2a2;\"><a href=\"https:\/\/gt6nnbprin.preview.infomaniak.website\/?post_type=rl_gallery&amp;p=1973&amp;preview=true\" target=\"_blank\" rel=\"noopener noreferrer\"><img loading=\"lazy\" decoding=\"async\" class=\"wp-image-1189 alignnone\" src=\"https:\/\/gt6nnbprin.preview.infomaniak.website\/wp-content\/uploads\/2018\/06\/LESSAY-AIRFIELD-CAMP-6-2018-20-300x225.jpg\" alt=\"\" width=\"138\" height=\"106\"><\/a><\/td>\n<\/tr>\n<tr style=\"height: 149px;\">\n<td style=\"width: 34.5479%; vertical-align: middle; height: 149px; border-style: solid; border-color: #a3a2a2;\"><strong><a href=\"https:\/\/www.youtube.com\/playlist?list=PL7fq5OYzcPPk6AEvclOgoSzIo-8gyg9zj\">Juin 2018 (VIDEOS<\/a>)<br><\/strong><\/td>\n<td style=\"width: 17.402%; vertical-align: middle; height: 149px; border-style: solid; border-color: #a3a2a2;\"><a href=\"https:\/\/www.youtube.com\/playlist?list=PL7fq5OYzcPPk6AEvclOgoSzIo-8gyg9zj\" target=\"_blank\" rel=\"noopener noreferrer\"><img loading=\"lazy\" decoding=\"async\" class=\"wp-image-1256  alignnone\" src=\"https:\/\/gt6nnbprin.preview.infomaniak.website\/wp-content\/uploads\/2018\/06\/LESSAY-PARAS1-2018-150x150.jpg\" alt=\"\" width=\"123\" height=\"123\"><\/a><\/td>\n<td style=\"width: 16.954%; vertical-align: middle; height: 149px; border-style: solid; border-color: #a3a2a2;\"><a href=\"https:\/\/www.youtube.com\/watch?v=n3yj34gFNyU&amp;feature=youtu.be\" target=\"_blank\" rel=\"noopener noreferrer\"><img loading=\"lazy\" decoding=\"async\" class=\"wp-image-1332  alignnone\" src=\"https:\/\/gt6nnbprin.preview.infomaniak.website\/wp-content\/uploads\/2018\/07\/P40-LESSAY-2018-150x150.jpg\" alt=\"\" width=\"119\" height=\"119\"><\/a><\/td>\n<\/tr>\n<\/tbody>\n<\/table>\n<\/td>\n<\/tr>\n<\/tbody>\n<\/table>\n<table style=\"width: 99.6743%; border-collapse: collapse; background-color: #eda618; height: 252px;\" border=\"1\">\n<tbody>\n<tr>\n<td style=\"width: 39.5766%; vertical-align: middle; text-align: center;\"><a href=\"https:\/\/gt6nnbprin.preview.infomaniak.website\/?rl_gallery=normandy-airfield-camp-juin-2017\" target=\"_blank\" rel=\"noopener noreferrer\"><strong>Juin 2017 (PHOTOS)<\/strong><\/a><\/td>\n<td style=\"width: 35.3473%; vertical-align: middle;\"><a href=\"https:\/\/gt6nnbprin.preview.infomaniak.website\/?rl_gallery=normandy-airfield-camp-juin-2017\" target=\"_blank\" rel=\"noopener noreferrer\"><img loading=\"lazy\" decoding=\"async\" class=\"wp-image-1306 aligncenter\" src=\"https:\/\/gt6nnbprin.preview.infomaniak.website\/wp-content\/uploads\/2018\/06\/Mustang2017-300x174.jpg\" alt=\"\" width=\"153\" height=\"91\"><\/a><\/td>\n<\/tr>\n<tr>\n<td style=\"width: 39.5766%; vertical-align: middle; text-align: center;\"><a href=\"https:\/\/gt6nnbprin.preview.infomaniak.website\/?page_id=1121&amp;preview_id=1121&amp;preview_nonce=3c7d09fd22&amp;preview=true\" target=\"_blank\" rel=\"noopener noreferrer\"><strong>Juin 2017 (VIDEOS)<\/strong><\/a><\/td>\n<td style=\"width: 35.3473%; vertical-align: middle;\"><a href=\"https:\/\/www.youtube.com\/watch?v=B0kmXEYyALM\" target=\"_blank\" rel=\"noopener noreferrer\"><img loading=\"lazy\" decoding=\"async\" class=\"wp-image-1293  aligncenter\" src=\"https:\/\/gt6nnbprin.preview.infomaniak.website\/wp-content\/uploads\/2018\/06\/mustang2017-300x172.jpg\" alt=\"\" width=\"148\" height=\"90\"><\/a><\/td>\n<\/tr>\n<\/tbody>\n<\/table>\n\n","protected":false},"excerpt":{"rendered":"<p>NORMANDY AIRFIELD CAMP, juin 2019 (Comm\u00e9moration du 75\u00e8me anniversaire du d\u00e9barquement) Avions d&rsquo;\u00e9poque, parachutage et patrouille de France. &nbsp;VIDEOS 2019 (Patrouille de France, avions, saut en parachute). Juin 2018 (PHOTOS) Juin 2018 (VIDEOS) Juin 2017 (PHOTOS) Juin 2017 (VIDEOS)<\/p>\n","protected":false},"author":1,"featured_media":1838,"parent":0,"menu_order":0,"comment_status":"closed","ping_status":"closed","template":"","meta":{"_monsterinsights_skip_tracking":false,"_monsterinsights_sitenote_active":false,"_monsterinsights_sitenote_note":"","_monsterinsights_sitenote_category":0,"footnotes":""},"class_list":["post-1121","page","type-page","status-publish","has-post-thumbnail","hentry"],"_links":{"self":[{"href":"http:\/\/www.aeroclub-lessay.fr\/index.php?rest_route=\/wp\/v2\/pages\/1121","targetHints":{"allow":["GET"]}}],"collection":[{"href":"http:\/\/www.aeroclub-lessay.fr\/index.php?rest_route=\/wp\/v2\/pages"}],"about":[{"href":"http:\/\/www.aeroclub-lessay.fr\/index.php?rest_route=\/wp\/v2\/types\/page"}],"author":[{"embeddable":true,"href":"http:\/\/www.aeroclub-lessay.fr\/index.php?rest_route=\/wp\/v2\/users\/1"}],"replies":[{"embeddable":true,"href":"http:\/\/www.aeroclub-lessay.fr\/index.php?rest_route=%2Fwp%2Fv2%2Fcomments&post=1121"}],"version-history":[{"count":153,"href":"http:\/\/www.aeroclub-lessay.fr\/index.php?rest_route=\/wp\/v2\/pages\/1121\/revisions"}],"predecessor-version":[{"id":4158,"href":"http:\/\/www.aeroclub-lessay.fr\/index.php?rest_route=\/wp\/v2\/pages\/1121\/revisions\/4158"}],"wp:featuredmedia":[{"embeddable":true,"href":"http:\/\/www.aeroclub-lessay.fr\/index.php?rest_route=\/wp\/v2\/media\/1838"}],"wp:attachment":[{"href":"http:\/\/www.aeroclub-lessay.fr\/index.php?rest_route=%2Fwp%2Fv2%2Fmedia&parent=1121"}],"curies":[{"name":"wp","href":"https:\/\/api.w.org\/{rel}","templated":true}]}}