        {"id":3236,"date":"2022-03-06T21:10:41","date_gmt":"2022-03-06T20:10:41","guid":{"rendered":"https:\/\/gt6nnbprin.preview.infomaniak.website\/?page_id=3236"},"modified":"2026-02-09T16:49:35","modified_gmt":"2026-02-09T15:49:35","slug":"3236-2","status":"publish","type":"page","link":"http:\/\/www.aeroclub-lessay.fr\/?page_id=3236","title":{"rendered":"&#8211; APPRENDRE A PILOTER"},"content":{"rendered":"\n<p><strong>Vous avez toujours r\u00eav\u00e9 de piloter un avion ?\u00a0 <\/strong>L\u2019A\u00e9roclub de Lessay, vous propose, dans une ambiance conviviale et familiale, de r\u00e9aliser cette formation au brevet de pilote priv\u00e9, sur un DR-400, un avion moderne, s\u00fbr et confortable 4 places. Avec ce brevet, partez en voyage, promenez vos proches, d\u00e9couvrez la France vue du ciel&#8230;&#8230;..<a href=\"http:\/\/www.aeroclub-lessay.fr\/wp-content\/uploads\/2026\/02\/PPL.jpg\" data-rel=\"lightbox-image-0\" data-rl_title=\"\" data-rl_caption=\"\" title=\"\"><img loading=\"lazy\" decoding=\"async\" class=\"aligncenter size-full wp-image-4345\" src=\"http:\/\/www.aeroclub-lessay.fr\/wp-content\/uploads\/2026\/02\/PPL.jpg\" alt=\"\" width=\"1024\" height=\"1024\" srcset=\"http:\/\/www.aeroclub-lessay.fr\/wp-content\/uploads\/2026\/02\/PPL.jpg 1024w, http:\/\/www.aeroclub-lessay.fr\/wp-content\/uploads\/2026\/02\/PPL-300x300.jpg 300w, http:\/\/www.aeroclub-lessay.fr\/wp-content\/uploads\/2026\/02\/PPL-150x150.jpg 150w, http:\/\/www.aeroclub-lessay.fr\/wp-content\/uploads\/2026\/02\/PPL-768x768.jpg 768w\" sizes=\"auto, (max-width: 1024px) 100vw, 1024px\" \/><\/a><strong>Pour toutes questions, prenez contact avec l&rsquo;a\u00e9roclub et venez discuter avec nos instructeurs et faire un <a href=\"https:\/\/www.aeroclub-lessay.fr\/wp-content\/uploads\/2025\/11\/Flyer-CAL-Vol-decouverte-A5-2026.pdf\" target=\"_blank\" rel=\"noopener\" data-wp-editing=\"1\">vol d\u2019initiation.<\/a><\/strong><\/p>\n<p>Pour piloter un avion l\u00e9ger, <strong>les licences suivantes<\/strong> sont n\u00e9cessaires :<\/p>\n<ul>\n<li style=\"text-align: justify;\"><span style=\"background-color: #ff9900;\"><strong>LAPL (Licence de Pilote d\u2019A\u00e9ronef L\u00e9ger) permet de voler<\/strong><\/span><strong> :<\/strong><\/li>\n<\/ul>\n<p>&#8211; voler avec 3 passagers \u00e0 bord d\u2019un avion monomoteur,<br \/>&#8211; de jour en France,<br \/>&#8211; de jour en Europe.<\/p>\n<p><span style=\"background-color: #99cc00;\">La formation comprend, un minimum de\u202f:<\/span><\/p>\n<blockquote>\n<p style=\"text-align: justify;\">&#8211; 30 h de vol, dont 15 h d\u2019instruction en vol en double commande.<br \/>&#8211; 6 h de vol en solo supervis\u00e9 dont 3 h de vol en campagne en solo (avec 1 atterrissage complet hors de son a\u00e9rodrome de d\u00e9part) dont un vol de plus de 150 km.<br \/>&#8211; Un examen th\u00e9orique \u00e0 passer en cours de formation.<br \/>&#8211; Un examen pratique en vol.<\/p>\n<\/blockquote>\n<p><span style=\"background-color: #99cc00;\">Les conditions \u00e0 remplir sont\u202f:<\/span><\/p>\n<blockquote>\n<p>&#8211; Certificat m\u00e9dical valide (Le port de lunettes n\u2019est pas un obstacle)<br \/>&#8211; 16 ans minimum pour le l\u00e2cher (premier vol solo)<br \/>&#8211; 17 ans r\u00e9volus pour passer l\u2019examen<\/p>\n<\/blockquote>\n<p style=\"text-align: justify;\">Le cout d&rsquo;un LAPL est d&rsquo;environ \u00e0 total de 5.000 \u20ac, \u00e9tal\u00e9s sur 2 \u00e0 3 ans (Les \u00e9l\u00e8ves pilotes de moins de 21 ans peuvent b\u00e9n\u00e9ficier de bourses).<\/p>\n<ul>\n<li><strong><span style=\"background-color: #ff9900;\">PPL (Private Pilot Licence) permet<\/span><\/strong>\u202f:<\/li>\n<\/ul>\n<p>&#8211; Voler avec des passagers,<br \/>&#8211; Voler de jour en France,<br \/>&#8211; Voler de jour en Europe et dans le monde.<\/p>\n<p><span style=\"background-color: #99cc00;\">La formation PPL comprend :<br \/><\/span><\/p>\n<blockquote>\n<p>&#8211; 45 h de vol dont 25 h d\u2019instruction en vol en double commande.<br \/>&#8211; 10 h de vol en solo supervis\u00e9 dont 5 h de vol en campagne en solo dont un vol de plus de 270 km.<br \/>&#8211; Un examen th\u00e9orique \u00e0 passer en cours de formation.<br \/>&#8211; Un examen pratique en vol.<\/p>\n<\/blockquote>\n<p>La formation progresse au rythme de l\u2019\u00e9l\u00e8ve (de 1 \u00e0 2 ans en fonction de sa disponibilit\u00e9). Chaque le\u00e7on dure environ 1h30 (20 \u00e0 25 mn de briefing, 30 \u00e0 35 mn de vol et d\u00e9briefing).<\/p>\n<p><span style=\"background-color: #99cc00;\">Les conditions \u00e0 remplir sont\u202f:<\/span><\/p>\n<blockquote>\n<p>&#8211; Certificat m\u00e9dical valide<br \/>&#8211; 16 ans minimum pour le l\u00e2cher (premier vol solo)<br \/>&#8211; 17 ans r\u00e9volus pour passer l\u2019examen<\/p>\n<\/blockquote>\n<p>Le co\u00fbt d\u2019un PPL est d&rsquo;environ 8.000 \u20ac \u00e9tal\u00e9 sur 2\u00e0 3 ans.<\/p>\n<p style=\"text-align: justify;\"><strong>Alors prenez contact avec l&rsquo;a\u00e9roclub et venez discuter avec nos instructeurs et faire un <a href=\"https:\/\/gt6nnbprin.preview.infomaniak.website\/wp-content\/uploads\/2023\/11\/Flyer-CAL-Vol-decouverte-A5-2026.pdf\" target=\"_blank\" rel=\"noopener\">vol d\u2019initiation.<\/a><\/strong><\/p>\n<p><img loading=\"lazy\" decoding=\"async\" class=\"aligncenter  wp-image-3245\" src=\"https:\/\/gt6nnbprin.preview.infomaniak.website\/wp-content\/uploads\/2022\/03\/Sonaca-Initiation-300x225.jpeg\" alt=\"\" width=\"399\" height=\"304\" \/><\/p>\n<table style=\"border-collapse: collapse; width: 100%;\">\n<tbody>\n<tr>\n<td style=\"width: 614px;\">\n<p><span style=\"background-color: #ffff00;\"><strong>Pour tous renseignements, contacter le<\/strong> <strong>06 15 29 47 74 ou par mail :\u00a0 aeroclub.lessay@gmail.com<\/strong><\/span><\/p>\n<p><span style=\"background-color: #ffff00;\">ou voir le lien vers la FFA\u00a0 :\u00a0<\/span><a href=\"https:\/\/www.ffa-aero.fr\/FR\/frm_Decouvrir_Cout.awp\" target=\"_blank\" rel=\"noopener\"><span style=\"background-color: #ffff00;\">https:\/\/www.ffa-aero.fr\/FR\/frm_Decouvrir_Cout.awp<\/span><\/a><\/p>\n<\/td>\n<\/tr>\n<\/tbody>\n<\/table>\n<p>\u00a0<\/p>\n<p>\u00a0<\/p>\n<p>\u00a0<\/p>\n","protected":false},"excerpt":{"rendered":"<p>Vous avez toujours r\u00eav\u00e9 de piloter un avion ?\u00a0 L\u2019A\u00e9roclub de Lessay, vous propose, dans une ambiance conviviale et familiale, de r\u00e9aliser cette formation au brevet de pilote priv\u00e9, sur un DR-400, un avion moderne, s\u00fbr et confortable 4 places. &hellip; <a href=\"http:\/\/www.aeroclub-lessay.fr\/?page_id=3236\">Continuer la lecture <span class=\"meta-nav\">&rarr;<\/span><\/a><\/p>\n","protected":false},"author":1,"featured_media":3430,"parent":0,"menu_order":0,"comment_status":"closed","ping_status":"closed","template":"showcase.php","meta":{"_monsterinsights_skip_tracking":false,"_monsterinsights_sitenote_active":false,"_monsterinsights_sitenote_note":"","_monsterinsights_sitenote_category":0,"footnotes":""},"class_list":["post-3236","page","type-page","status-publish","has-post-thumbnail","hentry"],"_links":{"self":[{"href":"http:\/\/www.aeroclub-lessay.fr\/index.php?rest_route=\/wp\/v2\/pages\/3236","targetHints":{"allow":["GET"]}}],"collection":[{"href":"http:\/\/www.aeroclub-lessay.fr\/index.php?rest_route=\/wp\/v2\/pages"}],"about":[{"href":"http:\/\/www.aeroclub-lessay.fr\/index.php?rest_route=\/wp\/v2\/types\/page"}],"author":[{"embeddable":true,"href":"http:\/\/www.aeroclub-lessay.fr\/index.php?rest_route=\/wp\/v2\/users\/1"}],"replies":[{"embeddable":true,"href":"http:\/\/www.aeroclub-lessay.fr\/index.php?rest_route=%2Fwp%2Fv2%2Fcomments&post=3236"}],"version-history":[{"count":46,"href":"http:\/\/www.aeroclub-lessay.fr\/index.php?rest_route=\/wp\/v2\/pages\/3236\/revisions"}],"predecessor-version":[{"id":4412,"href":"http:\/\/www.aeroclub-lessay.fr\/index.php?rest_route=\/wp\/v2\/pages\/3236\/revisions\/4412"}],"wp:featuredmedia":[{"embeddable":true,"href":"http:\/\/www.aeroclub-lessay.fr\/index.php?rest_route=\/wp\/v2\/media\/3430"}],"wp:attachment":[{"href":"http:\/\/www.aeroclub-lessay.fr\/index.php?rest_route=%2Fwp%2Fv2%2Fmedia&parent=3236"}],"curies":[{"name":"wp","href":"https:\/\/api.w.org\/{rel}","templated":true}]}}