        {"id":1056,"date":"2018-04-07T10:27:53","date_gmt":"2018-04-07T09:27:53","guid":{"rendered":"https:\/\/gt6nnbprin.preview.infomaniak.website\/?page_id=1056"},"modified":"2026-02-18T17:21:59","modified_gmt":"2026-02-18T16:21:59","slug":"bureau-et-decisions-du-cal","status":"publish","type":"page","link":"https:\/\/www.aeroclub-lessay.fr\/?page_id=1056","title":{"rendered":"Bureau du CAL"},"content":{"rendered":"\n<div class=\"wp-block-group has-light-gray-background-color has-background\"><div class=\"wp-block-group__inner-container is-layout-flow wp-block-group-is-layout-flow\">\n<p>L&rsquo;assembl\u00e9e g\u00e9n\u00e9rale ordinaire 2025 de l&rsquo;association s&rsquo;est d\u00e9roul\u00e9e le<strong> dimanche 1 f\u00e9vrier 2026, de 10h \u00e0 12h00, <\/strong>le quorum \u00e9tait atteint. Les votes portaient sur :<\/p>\n<p>\u2714 Rapport moral et quitus au pr\u00e9sident (valid\u00e9).<br data-rich-text-line-break=\"true\" \/>\u2714 Rapport financier et quitus au tr\u00e9sorier (valid\u00e9).<br data-rich-text-line-break=\"true\" \/>\u2714 Renouvellement du tiers sortant.<\/p>\n<p><strong>\u00c9lections et membres du bureau du CAL 2026 :<\/strong><\/p>\n<p style=\"text-align: center;\"><a href=\"https:\/\/gt6nnbprin.preview.infomaniak.website\/wp-content\/uploads\/2024\/03\/OrganigrammeCAL2024.pdf\" target=\"_blank\" rel=\"noopener\">Lien vers l&rsquo;organigramme 2026.<\/a><\/p>\n<p>&#8211; PRESIDENT : Xavier SERVAJAN<br \/>&#8211; VICE-PRESIDENT : Jean-Luc OUHAYOUN<br \/>&#8211; SECRETAIRE : Jean PIERRON\/Charles BACOT<br \/>&#8211; TRESORIER : Philippe CHARPENTIER &#8211; ADJOINT : R\u00e9gis DUFOUR<br \/>&#8211; CORRESPONDANT SECURITE PREVENTION : Xavier SERVAJAN<br \/>&#8211; RESPONSABLE CARBURANT : R\u00e9gis DUFOUR<br \/>&#8211; Membres : Yves MASSART\/Paul MAYET\/Mathieu LESAGE\/Marie-Odile SERVAJAN\/Didier DUBOST<br \/>&#8211; CORRESPONDANT MECANIQUE : Michel POULAIN<br \/>Il reste entendu que toutes les bonnes volont\u00e9s (m\u00eame ponctuelles) sont les bienvenues.<\/p>\n<p><a href=\"https:\/\/gt6nnbprin.preview.infomaniak.website\/wp-content\/uploads\/2024\/03\/CAL-trombinoscope-2024-V1.pdf\" target=\"_blank\" rel=\"noopener\">LIEN VERS LE TROMBINOSCOPE DES MEMBRES 2025<\/a><\/p>\n<table class=\" aligncenter\" style=\"height: 145px; width: 98.1652%; border-color: #000000; background-color: #c4f3f5; border-style: solid;\"><caption>\u00a0<\/caption>\n<tbody>\n<tr style=\"border-style: solid; border-color: #000000;\">\n<td style=\"height: 17px; border-style: solid; border-color: #050505; width: 49.3017%; text-align: left;\" colspan=\"4\"><span style=\"background-color: #ccffff;\"><strong>Nombre d&rsquo;adh\u00e9rents au CAL<\/strong><\/span><\/td>\n<td style=\"width: 13.5574%; border-style: solid; border-color: #050505; height: 17px;\"><span style=\"background-color: #ccffff;\"><strong>\u00a0<\/strong><\/span><\/td>\n<td style=\"width: 10.0021%; border-style: solid; border-color: #050505; height: 17px;\"><span style=\"background-color: #ccffff;\"><strong>\u00a0<\/strong><\/span><\/td>\n<td style=\"width: 11.0987%; border-style: solid; border-color: #050505;\"><span style=\"background-color: #ccffff;\"><strong>\u00a0<\/strong><\/span><\/td>\n<td style=\"width: 3.61893%; border-style: solid; border-color: #050505;\"><span style=\"background-color: #ccffff;\"><strong>\u00a0<\/strong><\/span><\/td>\n<td style=\"width: 1.87617%; border-style: solid; border-color: #050505;\"><span style=\"background-color: #ccffff;\"><strong>\u00a0<\/strong><\/span><\/td>\n<td style=\"width: 5.04344%; border-style: solid; border-color: #050505;\"><span style=\"background-color: #ccffff;\"><strong>\u00a0<\/strong><\/span><\/td>\n<td style=\"width: 3.30068%; border-style: solid; border-color: #050505;\"><span style=\"background-color: #ccffff;\"><strong>\u00a0<\/strong><\/span><\/td>\n<\/tr>\n<tr style=\"border-style: solid; border-color: #000000;\">\n<td style=\"width: 14.3882%; height: 24px; text-align: center; vertical-align: middle; border-style: solid; border-color: #050505;\"><span style=\"background-color: #ccffff;\">2015<\/span><\/td>\n<td style=\"width: 14.0608%; vertical-align: middle; height: 24px; text-align: center; border-style: solid; border-color: #050505;\"><span style=\"background-color: #ccffff;\">2016<\/span><\/td>\n<td style=\"width: 15.1209%; height: 24px; border-style: solid; border-color: #050505; text-align: center; vertical-align: middle;\"><span style=\"background-color: #ccffff;\">2017<\/span><\/td>\n<td style=\"width: 5.73177%; height: 24px; border-style: solid; border-color: #050505; text-align: center; vertical-align: middle;\"><span style=\"background-color: #ccffff;\">2018<\/span><\/td>\n<td style=\"width: 13.5574%; border-style: solid; border-color: #050505; text-align: center; vertical-align: middle; height: 24px;\"><span style=\"background-color: #ccffff;\">2019<strong><br \/><\/strong><\/span><\/td>\n<td style=\"width: 10.0021%; border-style: solid; border-color: #050505; text-align: center; vertical-align: middle; height: 24px;\"><span style=\"background-color: #ccffff;\">2020<\/span><\/td>\n<td style=\"width: 11.0987%; border-style: solid; border-color: #050505; text-align: center; vertical-align: middle;\"><span style=\"background-color: #ccffff;\">2021<br \/><\/span><\/td>\n<td style=\"width: 3.61893%; border-style: solid; border-color: #050505; vertical-align: middle;\">2022<\/td>\n<td style=\"width: 1.87617%; border-style: solid; border-color: #050505; vertical-align: middle;\">\u00a0<\/td>\n<td style=\"width: 5.04344%; border-style: solid; border-color: #050505; text-align: center; vertical-align: middle;\">2023<\/td>\n<td style=\"width: 3.30068%; border-style: solid; border-color: #050505; text-align: center; vertical-align: middle;\">2024<\/td>\n<\/tr>\n<tr style=\"border-style: solid; border-color: #000000;\">\n<td style=\"width: 14.3882%; height: 24px; text-align: center; border-style: solid; border-color: #050505; vertical-align: middle;\"><span style=\"background-color: #ccffff;\">46<\/span><\/td>\n<td style=\"width: 14.0608%; height: 24px; text-align: center; border-style: solid; border-color: #050505; vertical-align: middle;\"><span style=\"background-color: #ccffff;\">51<\/span><\/td>\n<td style=\"width: 15.1209%; height: 24px; border-style: solid; border-color: #050505; text-align: center; vertical-align: middle;\"><span style=\"background-color: #ccffff;\">65<\/span><\/td>\n<td style=\"width: 5.73177%; height: 24px; border-style: solid; border-color: #050505; text-align: center; vertical-align: middle;\"><span style=\"background-color: #ccffff;\">65<\/span><\/td>\n<td style=\"width: 13.5574%; border-style: solid; border-color: #050505; text-align: center; vertical-align: middle; height: 24px;\"><span style=\"background-color: #ccffff;\">60<\/span><\/td>\n<td style=\"width: 10.0021%; border-style: solid; border-color: #050505; text-align: center; vertical-align: middle; height: 24px;\"><span style=\"background-color: #ccffff;\">50<\/span><\/td>\n<td style=\"width: 11.0987%; border-style: solid; border-color: #050505; text-align: center; vertical-align: middle;\"><span style=\"background-color: #ccffff;\">45<\/span><\/td>\n<td style=\"width: 3.61893%; border-style: solid; border-color: #050505; vertical-align: middle;\"><span style=\"background-color: #ccffff;\">\u00a059<\/span><\/td>\n<td style=\"width: 1.87617%; border-style: solid; border-color: #050505; vertical-align: middle;\"><span style=\"background-color: #ccffff;\">\u00a0<\/span><\/td>\n<td style=\"width: 5.04344%; border-style: solid; border-color: #050505; text-align: center; vertical-align: middle;\"><span style=\"background-color: #ccffff;\">58<br \/><\/span><\/td>\n<td style=\"width: 3.30068%; border-style: solid; border-color: #050505; text-align: center; vertical-align: middle;\"><span style=\"background-color: #ccffff;\">58<\/span><\/td>\n<\/tr>\n<\/tbody>\n<\/table>\n<\/div><\/div>\n","protected":false},"excerpt":{"rendered":"<p>L&rsquo;assembl\u00e9e g\u00e9n\u00e9rale ordinaire 2025 de l&rsquo;association s&rsquo;est d\u00e9roul\u00e9e le dimanche 1 f\u00e9vrier 2026, de 10h \u00e0 12h00, le quorum \u00e9tait atteint. Les votes portaient sur : \u2714 Rapport moral et quitus au pr\u00e9sident (valid\u00e9).\u2714 Rapport financier et quitus au tr\u00e9sorier &hellip; <a href=\"https:\/\/www.aeroclub-lessay.fr\/?page_id=1056\">Continuer la lecture <span class=\"meta-nav\">&rarr;<\/span><\/a><\/p>\n","protected":false},"author":1,"featured_media":0,"parent":0,"menu_order":0,"comment_status":"closed","ping_status":"closed","template":"showcase.php","meta":{"_monsterinsights_skip_tracking":false,"_monsterinsights_sitenote_active":false,"_monsterinsights_sitenote_note":"","_monsterinsights_sitenote_category":0,"footnotes":""},"class_list":["post-1056","page","type-page","status-publish","hentry"],"_links":{"self":[{"href":"https:\/\/www.aeroclub-lessay.fr\/index.php?rest_route=\/wp\/v2\/pages\/1056","targetHints":{"allow":["GET"]}}],"collection":[{"href":"https:\/\/www.aeroclub-lessay.fr\/index.php?rest_route=\/wp\/v2\/pages"}],"about":[{"href":"https:\/\/www.aeroclub-lessay.fr\/index.php?rest_route=\/wp\/v2\/types\/page"}],"author":[{"embeddable":true,"href":"https:\/\/www.aeroclub-lessay.fr\/index.php?rest_route=\/wp\/v2\/users\/1"}],"replies":[{"embeddable":true,"href":"https:\/\/www.aeroclub-lessay.fr\/index.php?rest_route=%2Fwp%2Fv2%2Fcomments&post=1056"}],"version-history":[{"count":133,"href":"https:\/\/www.aeroclub-lessay.fr\/index.php?rest_route=\/wp\/v2\/pages\/1056\/revisions"}],"predecessor-version":[{"id":4416,"href":"https:\/\/www.aeroclub-lessay.fr\/index.php?rest_route=\/wp\/v2\/pages\/1056\/revisions\/4416"}],"wp:attachment":[{"href":"https:\/\/www.aeroclub-lessay.fr\/index.php?rest_route=%2Fwp%2Fv2%2Fmedia&parent=1056"}],"curies":[{"name":"wp","href":"https:\/\/api.w.org\/{rel}","templated":true}]}}