        {"id":558,"date":"2017-07-30T11:40:12","date_gmt":"2017-07-30T10:40:12","guid":{"rendered":"https:\/\/gt6nnbprin.preview.infomaniak.website\/?page_id=558"},"modified":"2025-03-16T20:14:58","modified_gmt":"2025-03-16T19:14:58","slug":"webcam","status":"publish","type":"page","link":"https:\/\/www.aeroclub-lessay.fr\/?page_id=558","title":{"rendered":"Webcams"},"content":{"rendered":"\n<div class=\"wp-block-group has-light-gray-background-color has-background\"><div class=\"wp-block-group__inner-container is-layout-flow wp-block-group-is-layout-flow\">\n<p><strong>2 cam\u00e9ras<\/strong>\/webcams sont install\u00e9es et permettent de voir <strong><span style=\"color: #000000;\">en direct<\/span><\/strong>, gratuitement, la piste, le tarmac et les avions pr\u00e9sents.<\/p>\n\n\n\n<p>Le visionnage des images est impossible \u00e0 partir d&rsquo;un ordinateur mais il est possible \u00e0 partir des smartphones ou tablettes en installant un <strong>logiciel simple et gratuit<\/strong> :<\/p>\n\n\n\n<p><a href=\"http:\/\/www.aeroclub-lessay.fr\/wp-content\/uploads\/2023\/06\/CAL-Procedure-pour-installer-sur-un-smartphone-Android-cameras-V1-6-2023.pdf\" target=\"_blank\" rel=\"noreferrer noopener\">-Proc\u00e9dure pour installer sur les smartphones et tablettes ANDROID ou IOS<\/a><\/p>\n\n\n\n<p>Ci-dessous exemple des images que vous verrez apr\u00e8s l&rsquo;installation du logiciel sur les smartphones ou tablettes.<\/p>\n\n\n<div class=\"wp-block-image\">\n<figure class=\"aligncenter\"><a href=\"https:\/\/gt6nnbprin.preview.infomaniak.website\/wp-content\/uploads\/2019\/08\/WEBCAM.jpg\" target=\"_blank\" rel=\"noopener noreferrer\" data-rel=\"lightbox-image-0\" data-rl_title=\"\" data-rl_caption=\"\" title=\"\"><img loading=\"lazy\" decoding=\"async\" width=\"300\" height=\"112\" src=\"https:\/\/gt6nnbprin.preview.infomaniak.website\/wp-content\/uploads\/2019\/08\/WEBCAM-300x112.jpg\" alt=\"\" class=\"wp-image-2132\" srcset=\"https:\/\/www.aeroclub-lessay.fr\/wp-content\/uploads\/2019\/08\/WEBCAM-300x112.jpg 300w, https:\/\/www.aeroclub-lessay.fr\/wp-content\/uploads\/2019\/08\/WEBCAM-768x287.jpg 768w, https:\/\/www.aeroclub-lessay.fr\/wp-content\/uploads\/2019\/08\/WEBCAM-1024x383.jpg 1024w, https:\/\/www.aeroclub-lessay.fr\/wp-content\/uploads\/2019\/08\/WEBCAM-500x187.jpg 500w, https:\/\/www.aeroclub-lessay.fr\/wp-content\/uploads\/2019\/08\/WEBCAM.jpg 1408w\" sizes=\"auto, (max-width: 300px) 100vw, 300px\" \/><\/a><\/figure><\/div>\n\n\n<p><span style=\"color: #ff0000;\">(Ces informations vous sont fournies uniquement \u00e0 titre indicatif).<\/span><\/p>\n\n\n\n<p class=\"has-text-align-center\"><\/p>\n<\/div><\/div>\n","protected":false},"excerpt":{"rendered":"<p>2 cam\u00e9ras\/webcams sont install\u00e9es et permettent de voir en direct, gratuitement, la piste, le tarmac et les avions pr\u00e9sents. Le visionnage des images est impossible \u00e0 partir d&rsquo;un ordinateur mais il est possible \u00e0 partir des smartphones ou tablettes en &hellip; <a href=\"https:\/\/www.aeroclub-lessay.fr\/?page_id=558\">Continuer la lecture <span class=\"meta-nav\">&rarr;<\/span><\/a><\/p>\n","protected":false},"author":1,"featured_media":2132,"parent":0,"menu_order":0,"comment_status":"closed","ping_status":"closed","template":"showcase.php","meta":{"_monsterinsights_skip_tracking":false,"_monsterinsights_sitenote_active":false,"_monsterinsights_sitenote_note":"","_monsterinsights_sitenote_category":0,"footnotes":""},"class_list":["post-558","page","type-page","status-publish","has-post-thumbnail","hentry"],"_links":{"self":[{"href":"https:\/\/www.aeroclub-lessay.fr\/index.php?rest_route=\/wp\/v2\/pages\/558","targetHints":{"allow":["GET"]}}],"collection":[{"href":"https:\/\/www.aeroclub-lessay.fr\/index.php?rest_route=\/wp\/v2\/pages"}],"about":[{"href":"https:\/\/www.aeroclub-lessay.fr\/index.php?rest_route=\/wp\/v2\/types\/page"}],"author":[{"embeddable":true,"href":"https:\/\/www.aeroclub-lessay.fr\/index.php?rest_route=\/wp\/v2\/users\/1"}],"replies":[{"embeddable":true,"href":"https:\/\/www.aeroclub-lessay.fr\/index.php?rest_route=%2Fwp%2Fv2%2Fcomments&post=558"}],"version-history":[{"count":31,"href":"https:\/\/www.aeroclub-lessay.fr\/index.php?rest_route=\/wp\/v2\/pages\/558\/revisions"}],"predecessor-version":[{"id":4122,"href":"https:\/\/www.aeroclub-lessay.fr\/index.php?rest_route=\/wp\/v2\/pages\/558\/revisions\/4122"}],"wp:featuredmedia":[{"embeddable":true,"href":"https:\/\/www.aeroclub-lessay.fr\/index.php?rest_route=\/wp\/v2\/media\/2132"}],"wp:attachment":[{"href":"https:\/\/www.aeroclub-lessay.fr\/index.php?rest_route=%2Fwp%2Fv2%2Fmedia&parent=558"}],"curies":[{"name":"wp","href":"https:\/\/api.w.org\/{rel}","templated":true}]}}