        {"id":89,"date":"2015-02-21T11:37:15","date_gmt":"2015-02-21T10:37:15","guid":{"rendered":"https:\/\/gt6nnbprin.preview.infomaniak.website\/?page_id=89"},"modified":"2026-02-03T16:23:20","modified_gmt":"2026-02-03T15:23:20","slug":"le-club","status":"publish","type":"page","link":"https:\/\/www.aeroclub-lessay.fr\/?page_id=89","title":{"rendered":"&#8211; Bapt\u00eame de l&rsquo;air, Vols d&rsquo;initiation, Inscriptions au CAL, APPRENDRE A PILOTER."},"content":{"rendered":"\n<div class=\"wp-block-group\"><div class=\"wp-block-group__inner-container is-layout-flow wp-block-group-is-layout-flow\">\n<div class=\"wp-block-group\"><div class=\"wp-block-group__inner-container is-layout-flow wp-block-group-is-layout-flow\">\n<div class=\"wp-block-group\"><div class=\"wp-block-group__inner-container is-layout-flow wp-block-group-is-layout-flow\">\n<div class=\"wp-block-group\"><div class=\"wp-block-group__inner-container is-layout-flow wp-block-group-is-layout-flow\">\n<p style=\"font-size:15px\"><strong><strong><span class=\"tadv-color\"><span style=\"color:#06f5c1\" class=\"has-inline-color\">&nbsp;<\/span><\/span><\/strong><\/strong><\/p>\n<\/div><\/div>\n<\/div><\/div>\n<\/div><\/div>\n<\/div><\/div>\n\n\n\n<p style=\"text-align: justify;\">Pour <strong>offrir un cadeau original,<\/strong> lors de toutes les occasions (anniversaire, retraite, no\u00ebl, communion&#8230;..), le centre a\u00e9ronautique de Lessay et ses pilotes certifi\u00e9s vous proposent :<\/p>\n\n\n<ul>\n<li style=\"text-align: justify;\">des <a href=\"http:\/\/www.aeroclub-lessay.fr\/wp-content\/uploads\/2025\/11\/Flyer-CAL-Vol-decouverte-A5-2026.pdf\" target=\"_blank\" rel=\"noopener\"><strong>\u00ab\u00a0VOLS DE DECOUVERTE\u00a0\u00bb (anciennement bapt\u00eame de l&rsquo;air)<\/strong><\/a><span style=\"color: #ff6600;\"><span style=\"color: #000000;\"> pour d\u00e9couvrir des paysages uniques et grandioses de la c\u00f4te OUEST de la Manche, comme le havre de St Germain ou les ports de Portbail et Barneville-Carteret.<\/span><\/span><strong><span style=\"color: #ff6600;\"> (125 \u20ac <strong><span style=\"color: #ff6600;\">les 20 minutes ou 175 \u20ac les 30 minutes<\/span><\/strong><\/span><\/strong>, <strong><span style=\"color: #ff6600;\">avec 1, 2 ou 3 personnes, (en fonction du poids).<\/span><\/strong><\/li>\n<li style=\"text-align: justify;\">des vols <a href=\"http:\/\/www.aeroclub-lessay.fr\/wp-content\/uploads\/2025\/11\/Flyer-CAL-Vol-decouverte-A5-2026.pdf\" target=\"_blank\" rel=\"noopener\">\u00ab\u00a0<strong>D&rsquo;INITIATION AU PILOTAGE\u00a0\u00bb<\/strong><\/a>, en prenant les commandes d&rsquo;un avion, incluant le briefing\/d\u00e9briefing avec un instructeur et le vol <span style=\"color: #ff6600;\"><strong>(195 \u20ac pour un vol de 30 minutes et 245 \u20ac avec un passager).<\/strong><\/span><\/li>\n<li style=\"text-align: justify;\">de<strong><span class=\"tadv-color\" style=\"color: #f556c8;\"> <a href=\"http:\/\/www.aeroclub-lessay.fr\/wp-content\/uploads\/2025\/11\/CAL-tarifs-general-cotisation-adhesions-2026.pdf\" target=\"_blank\" rel=\"noreferrer noopener\">DEVENIR MEMBRE du centre a\u00e9ronautique.<\/a><\/span><\/strong><\/li>\n<li>\u00a0<\/li>\n<li style=\"text-align: justify;\"><span class=\"tadv-color\" style=\"color: #f556c8; background-color: #ffff00;\"><a style=\"background-color: #ffff00;\" href=\"https:\/\/www.aeroclub-lessay.fr\/?page_id=3236\" target=\"_blank\" rel=\"noopener\"><strong>d&rsquo;APPRENDRE A PILOTER (lien vers\u00a0 les explications), avec nos instructeurs dipl\u00f4m\u00e9s, puis de voler sur nos avions.<\/strong><\/a><\/span><\/li>\n<\/ul>\n\n\n<div class=\"wp-block-group\"><div class=\"wp-block-group__inner-container is-layout-flow wp-block-group-is-layout-flow\">\n<div class=\"wp-block-group has-light-gray-background-color has-background\"><div class=\"wp-block-group__inner-container is-layout-flow wp-block-group-is-layout-flow\">\n<p class=\"has-text-align-center\"><strong>TELECHARGER LES TARIFS (au format PDF)<br><\/strong><\/p>\n\n\n\n<ul class=\"wp-block-list\">\n<li><strong><a href=\"https:\/\/www.aeroclub-lessay.fr\/wp-content\/uploads\/2025\/11\/Flyer-CAL-Vol-decouverte-A5-2026.pdf\" target=\"_blank\" rel=\"noreferrer noopener\">TARIFS COMPLET DES VOLS DECOUVERTE OU D&rsquo;INITIATIO<\/a><\/strong><a href=\"https:\/\/gt6nnbprin.preview.infomaniak.website\/wp-content\/uploads\/2023\/11\/Flyer-CAL-Vol-decouverte-A5.pdf\"><strong>N<\/strong><\/a><\/li>\n\n\n\n<li><a href=\"http:\/\/www.aeroclub-lessay.fr\/wp-content\/uploads\/2025\/11\/CAL-tarifs-general-cotisation-adhesions-2026.pdf\" target=\"_blank\" rel=\"noreferrer noopener\">TARIFS POUR ETRE MEMBRE DE L&rsquo;AEROCLUB et PILOTER<\/a><\/li>\n\n\n\n<li><a href=\"http:\/\/www.aeroclub-lessay.fr\/wp-content\/uploads\/2025\/11\/Formulaire-Inscriptions-2026-PC-1.pdf\" target=\"_blank\" rel=\"noreferrer noopener\"><span style=\"color: #ff00ff;\">FICHE D&rsquo;INSCRIPTION AU CAL<\/span><\/a><\/li>\n<\/ul>\n<\/div><\/div>\n<\/div><\/div>\n\n\n\n<div class=\"wp-block-group\"><div class=\"wp-block-group__inner-container is-layout-flow wp-block-group-is-layout-flow\">\n<div class=\"wp-block-group has-white-background-color has-background\"><div class=\"wp-block-group__inner-container is-layout-flow wp-block-group-is-layout-flow\">\n<div class=\"wp-block-group has-background\" style=\"background-color:#efff92\"><div class=\"wp-block-group__inner-container is-layout-flow wp-block-group-is-layout-flow\">\n<h2 style=\"text-align: left;\"><strong>Pour tous renseignements et les modalit\u00e9s d&rsquo;\u00e9dition d&rsquo;un bon cadeau, <\/strong><\/h2>\n<h2 style=\"text-align: left;\"><strong>contacter le<\/strong> <strong><span style=\"color: #ff0000;\">06 15 29 47 74<\/span> ou par mail :\u00a0 <span style=\"color: #ff0000;\">aeroclub.lessay@gmail.com<\/span><\/strong><\/h2>\n<\/div><\/div>\n<\/div><\/div>\n<\/div><\/div>\n\n\n\n<table style=\"border-collapse: collapse; width: 100%;\">\n<tbody>\n<tr>\n<td style=\"width: 50%;\"><a href=\"https:\/\/gt6nnbprin.preview.infomaniak.website\/wp-content\/uploads\/2023\/09\/COTEOUEST.jpg\" target=\"_blank\" rel=\"noopener\" data-rel=\"lightbox-image-0\" data-rl_title=\"\" data-rl_caption=\"\" title=\"\"><img loading=\"lazy\" decoding=\"async\" class=\"aligncenter wp-image-3900 size-medium\" src=\"https:\/\/gt6nnbprin.preview.infomaniak.website\/wp-content\/uploads\/2023\/09\/COTEOUEST-300x200.jpg\" alt=\"\" width=\"300\" height=\"200\" srcset=\"https:\/\/www.aeroclub-lessay.fr\/wp-content\/uploads\/2023\/09\/COTEOUEST-300x200.jpg 300w, https:\/\/www.aeroclub-lessay.fr\/wp-content\/uploads\/2023\/09\/COTEOUEST-1024x683.jpg 1024w, https:\/\/www.aeroclub-lessay.fr\/wp-content\/uploads\/2023\/09\/COTEOUEST-768x512.jpg 768w, https:\/\/www.aeroclub-lessay.fr\/wp-content\/uploads\/2023\/09\/COTEOUEST-450x300.jpg 450w, https:\/\/www.aeroclub-lessay.fr\/wp-content\/uploads\/2023\/09\/COTEOUEST.jpg 1320w\" sizes=\"auto, (max-width: 300px) 100vw, 300px\" \/><\/a><\/td>\n<td style=\"width: 50%;\"><a href=\"https:\/\/gt6nnbprin.preview.infomaniak.website\/wp-content\/uploads\/2018\/03\/port-de-BC-a\u00e9rien-port-CG50-B-Cauvin.jpg\" target=\"_blank\" rel=\"noopener noreferrer\" data-rel=\"lightbox-image-1\" data-rl_title=\"\" data-rl_caption=\"\" title=\"\"><img loading=\"lazy\" decoding=\"async\" class=\"size-medium wp-image-886 aligncenter\" src=\"https:\/\/gt6nnbprin.preview.infomaniak.website\/wp-content\/uploads\/2018\/03\/port-de-BC-a\u00e9rien-port-CG50-B-Cauvin-300x200.jpg\" alt=\"\" width=\"300\" height=\"200\" srcset=\"https:\/\/www.aeroclub-lessay.fr\/wp-content\/uploads\/2018\/03\/port-de-BC-a\u00e9rien-port-CG50-B-Cauvin-300x200.jpg 300w, https:\/\/www.aeroclub-lessay.fr\/wp-content\/uploads\/2018\/03\/port-de-BC-a\u00e9rien-port-CG50-B-Cauvin-768x512.jpg 768w, https:\/\/www.aeroclub-lessay.fr\/wp-content\/uploads\/2018\/03\/port-de-BC-a\u00e9rien-port-CG50-B-Cauvin-1024x682.jpg 1024w, https:\/\/www.aeroclub-lessay.fr\/wp-content\/uploads\/2018\/03\/port-de-BC-a\u00e9rien-port-CG50-B-Cauvin-450x300.jpg 450w\" sizes=\"auto, (max-width: 300px) 100vw, 300px\" \/><\/a><\/td>\n<\/tr>\n<tr>\n<td style=\"width: 50%;\"><a href=\"https:\/\/gt6nnbprin.preview.infomaniak.website\/wp-content\/uploads\/2018\/04\/parachutisme_havre_de_lessay-1600x1200-1.jpg\" target=\"_blank\" rel=\"noopener\" data-rel=\"lightbox-image-2\" data-rl_title=\"\" data-rl_caption=\"\" title=\"\"><img loading=\"lazy\" decoding=\"async\" class=\"aligncenter  wp-image-1061\" src=\"https:\/\/gt6nnbprin.preview.infomaniak.website\/wp-content\/uploads\/2018\/04\/parachutisme_havre_de_lessay-1600x1200-300x225.jpg\" alt=\"\" width=\"221\" height=\"169\" \/><\/a><\/td>\n<td style=\"width: 50%;\"><a href=\"https:\/\/gt6nnbprin.preview.infomaniak.website\/wp-content\/uploads\/2018\/03\/Port_Aerien_Portbail_0065-Copier.jpg\" target=\"_blank\" rel=\"noopener\" data-rel=\"lightbox-image-3\" data-rl_title=\"\" data-rl_caption=\"\" title=\"\"><img loading=\"lazy\" decoding=\"async\" class=\"aligncenter size-medium wp-image-887\" src=\"https:\/\/gt6nnbprin.preview.infomaniak.website\/wp-content\/uploads\/2018\/03\/Port_Aerien_Portbail_0065-Copier-300x168.jpg\" alt=\"\" width=\"300\" height=\"168\" srcset=\"https:\/\/www.aeroclub-lessay.fr\/wp-content\/uploads\/2018\/03\/Port_Aerien_Portbail_0065-Copier-300x168.jpg 300w, https:\/\/www.aeroclub-lessay.fr\/wp-content\/uploads\/2018\/03\/Port_Aerien_Portbail_0065-Copier-768x431.jpg 768w, https:\/\/www.aeroclub-lessay.fr\/wp-content\/uploads\/2018\/03\/Port_Aerien_Portbail_0065-Copier-1024x575.jpg 1024w, https:\/\/www.aeroclub-lessay.fr\/wp-content\/uploads\/2018\/03\/Port_Aerien_Portbail_0065-Copier-500x281.jpg 500w, https:\/\/www.aeroclub-lessay.fr\/wp-content\/uploads\/2018\/03\/Port_Aerien_Portbail_0065-Copier.jpg 1920w\" sizes=\"auto, (max-width: 300px) 100vw, 300px\" \/><\/a><\/td>\n<\/tr>\n<\/tbody>\n<\/table>\n\n\n\n\n\n<figure><iframe loading=\"lazy\" src=\"https:\/\/www.youtube.com\/embed\/X48wY44FJ0U\" allowfullscreen=\"allowfullscreen\" width=\"640\" height=\"360\" frameborder=\"0\"><\/iframe><\/figure>\n\n\n\n<figure><iframe loading=\"lazy\" src=\"https:\/\/www.youtube.com\/embed\/YYJw5Xipiqo\" allowfullscreen=\"allowfullscreen\" width=\"640\" height=\"360\" frameborder=\"0\"><\/iframe><\/figure>\n\n\n\n<div class=\"wp-block-group\"><div class=\"wp-block-group__inner-container is-layout-flow wp-block-group-is-layout-flow\">\n<div class=\"wp-block-group\"><div class=\"wp-block-group__inner-container is-layout-flow wp-block-group-is-layout-flow\"><\/div><\/div>\n<\/div><\/div>\n\n\n\n<p>30 route de l&rsquo;A\u00e9rodrome 50430 Lessay<br>T\u00e9l&nbsp; : 06 15 29 47 74<br>Mail : &nbsp;<a href=\"mailto:aeroclub.lessay@gmail.com\">aeroclub.lessay@gmail.com<\/a><\/p>\n","protected":false},"excerpt":{"rendered":"<p>&nbsp; Pour offrir un cadeau original, lors de toutes les occasions (anniversaire, retraite, no\u00ebl, communion&#8230;..), le centre a\u00e9ronautique de Lessay et ses pilotes certifi\u00e9s vous proposent : des \u00ab\u00a0VOLS DE DECOUVERTE\u00a0\u00bb (anciennement bapt\u00eame de l&rsquo;air) pour d\u00e9couvrir des paysages uniques &hellip; <a href=\"https:\/\/www.aeroclub-lessay.fr\/?page_id=89\">Continuer la lecture <span class=\"meta-nav\">&rarr;<\/span><\/a><\/p>\n","protected":false},"author":1,"featured_media":3450,"parent":0,"menu_order":0,"comment_status":"closed","ping_status":"closed","template":"showcase.php","meta":{"_monsterinsights_skip_tracking":false,"_monsterinsights_sitenote_active":false,"_monsterinsights_sitenote_note":"","_monsterinsights_sitenote_category":0,"footnotes":""},"class_list":["post-89","page","type-page","status-publish","has-post-thumbnail","hentry"],"_links":{"self":[{"href":"https:\/\/www.aeroclub-lessay.fr\/index.php?rest_route=\/wp\/v2\/pages\/89","targetHints":{"allow":["GET"]}}],"collection":[{"href":"https:\/\/www.aeroclub-lessay.fr\/index.php?rest_route=\/wp\/v2\/pages"}],"about":[{"href":"https:\/\/www.aeroclub-lessay.fr\/index.php?rest_route=\/wp\/v2\/types\/page"}],"author":[{"embeddable":true,"href":"https:\/\/www.aeroclub-lessay.fr\/index.php?rest_route=\/wp\/v2\/users\/1"}],"replies":[{"embeddable":true,"href":"https:\/\/www.aeroclub-lessay.fr\/index.php?rest_route=%2Fwp%2Fv2%2Fcomments&post=89"}],"version-history":[{"count":262,"href":"https:\/\/www.aeroclub-lessay.fr\/index.php?rest_route=\/wp\/v2\/pages\/89\/revisions"}],"predecessor-version":[{"id":4386,"href":"https:\/\/www.aeroclub-lessay.fr\/index.php?rest_route=\/wp\/v2\/pages\/89\/revisions\/4386"}],"wp:featuredmedia":[{"embeddable":true,"href":"https:\/\/www.aeroclub-lessay.fr\/index.php?rest_route=\/wp\/v2\/media\/3450"}],"wp:attachment":[{"href":"https:\/\/www.aeroclub-lessay.fr\/index.php?rest_route=%2Fwp%2Fv2%2Fmedia&parent=89"}],"curies":[{"name":"wp","href":"https:\/\/api.w.org\/{rel}","templated":true}]}}